{"id":50,"date":"2020-12-02T11:45:54","date_gmt":"2020-12-02T11:45:54","guid":{"rendered":"http:\/\/dev.gaestehaus-pieber.at\/?page_id=50"},"modified":"2024-02-29T09:24:25","modified_gmt":"2024-02-29T09:24:25","slug":"elementor-50","status":"publish","type":"page","link":"https:\/\/www.gaestehaus-pieber.at\/","title":{"rendered":"Startseite"},"content":{"rendered":"<figure><img decoding=\"async\" src=\"https:\/\/www2.gaestehaus-pieber.at\/wp-content\/uploads\/2022\/09\/Gaestehaus-Pieber01.jpg\" alt=\"Gaestehaus Pieber01\" \/><\/figure>\n<figure><img decoding=\"async\" src=\"https:\/\/www2.gaestehaus-pieber.at\/wp-content\/uploads\/2022\/09\/Gaestehaus-Pieber02.jpg\" alt=\"Gaestehaus Pieber02\" \/><\/figure>\n<figure><img decoding=\"async\" src=\"https:\/\/www2.gaestehaus-pieber.at\/wp-content\/uploads\/2022\/09\/Gaestehaus-Pieber03.jpg\" alt=\"Gaestehaus Pieber03\" \/><\/figure>\n<figure><img decoding=\"async\" src=\"https:\/\/www2.gaestehaus-pieber.at\/wp-content\/uploads\/2022\/09\/Gaestehaus-Pieber04.jpg\" alt=\"Gaestehaus Pieber04\" \/><\/figure>\n<figure><img decoding=\"async\" src=\"https:\/\/www2.gaestehaus-pieber.at\/wp-content\/uploads\/2022\/09\/Gaestehaus-Pieber05.jpg\" alt=\"Gaestehaus Pieber05\" \/><\/figure>\n<figure><img decoding=\"async\" src=\"https:\/\/www2.gaestehaus-pieber.at\/wp-content\/uploads\/2022\/09\/Gaestehaus-Pieber06.jpg\" alt=\"Gaestehaus Pieber06\" \/><\/figure>\n<figure><img decoding=\"async\" src=\"https:\/\/www2.gaestehaus-pieber.at\/wp-content\/uploads\/2022\/09\/Gaestehaus-Pieber07.jpg\" alt=\"Gaestehaus Pieber07\" \/><\/figure>\n<p>Das G\u00e4stehaus Pieber in Bad Waltersdorf mit vier Doppel- und zwei Einbettzimmern (Du\/WC) wurde erst unl\u00e4ngst komplett renoviert, die Zimmer mit Flachbildfernseher ausgestattet und das Angebot mit einem kleinen aber feinen Fr\u00fchst\u00fccksbuffet erweitert. Das Haus ist das ganze Jahr f\u00fcr Sie ge\u00f6ffnet.<\/p>\n<p>Buchbar ab 2 N\u00e4chten Aufenthaltsdauer.<\/p>\n<p>Stornierungsbedingungen: <br \/>Bis 14 Tage vor Anreise fallen keine Stornogeb\u00fchren an.<br \/>Ab 14 Tagen vor Anreise fallen 80% der Kosten an. Gerne schreiben wir Ihnen den Betrag bei einer folgenden Buchung (Aufenthalt innerhalb von den n\u00e4chsten 3 Monaten) wieder gut.<\/p>\n<p>Anfragen unter\u00a0<a href=\"mailto:info@gaestehaus-pieber.at\">info@gaestehaus-pieber.at<\/a><br \/>Tel:\u00a0<a href=\"tel:00436643036675\">0664\/3036675\u00a0<\/a>oder\u00a0<a href=\"tel:00436649719237\">0664\/9719237<\/a><\/p>\n<p>Partnerbetrieb:<\/p>\n<p><a href=\"http:\/\/www.derpieber.at\">www.derpieber.at<\/a><\/p>\n","protected":false},"excerpt":{"rendered":"<p>Das G\u00e4stehaus Pieber in Bad Waltersdorf mit vier Doppel- und zwei Einbettzimmern (Du\/WC) wurde erst unl\u00e4ngst komplett renoviert, die Zimmer mit Flachbildfernseher ausgestattet und das Angebot mit einem kleinen aber feinen Fr\u00fchst\u00fccksbuffet erweitert. Das Haus ist das ganze Jahr f\u00fcr Sie ge\u00f6ffnet. Buchbar ab 2 N\u00e4chten Aufenthaltsdauer. Stornierungsbedingungen: Bis 14 Tage vor Anreise fallen keine [&hellip;]<\/p>\n","protected":false},"author":4,"featured_media":0,"parent":0,"menu_order":0,"comment_status":"closed","ping_status":"closed","template":"","meta":{"footnotes":""},"class_list":["post-50","page","type-page","status-publish","hentry"],"_links":{"self":[{"href":"https:\/\/www.gaestehaus-pieber.at\/index.php?rest_route=\/wp\/v2\/pages\/50","targetHints":{"allow":["GET"]}}],"collection":[{"href":"https:\/\/www.gaestehaus-pieber.at\/index.php?rest_route=\/wp\/v2\/pages"}],"about":[{"href":"https:\/\/www.gaestehaus-pieber.at\/index.php?rest_route=\/wp\/v2\/types\/page"}],"author":[{"embeddable":true,"href":"https:\/\/www.gaestehaus-pieber.at\/index.php?rest_route=\/wp\/v2\/users\/4"}],"replies":[{"embeddable":true,"href":"https:\/\/www.gaestehaus-pieber.at\/index.php?rest_route=%2Fwp%2Fv2%2Fcomments&post=50"}],"version-history":[{"count":50,"href":"https:\/\/www.gaestehaus-pieber.at\/index.php?rest_route=\/wp\/v2\/pages\/50\/revisions"}],"predecessor-version":[{"id":130,"href":"https:\/\/www.gaestehaus-pieber.at\/index.php?rest_route=\/wp\/v2\/pages\/50\/revisions\/130"}],"wp:attachment":[{"href":"https:\/\/www.gaestehaus-pieber.at\/index.php?rest_route=%2Fwp%2Fv2%2Fmedia&parent=50"}],"curies":[{"name":"wp","href":"https:\/\/api.w.org\/{rel}","templated":true}]}}